{"id":7,"date":"2023-12-15T10:14:40","date_gmt":"2023-12-15T09:14:40","guid":{"rendered":"https:\/\/powertk.cluster030.hosting.ovh.net\/?page_id=7"},"modified":"2024-01-14T10:03:50","modified_gmt":"2024-01-14T09:03:50","slug":"portefeuille-debutant","status":"publish","type":"page","link":"https:\/\/www.powertrade.fr\/index.php\/portefeuille-debutant\/","title":{"rendered":"Portefeuille d\u00e9butant"},"content":{"rendered":"\t\t<div data-elementor-type=\"wp-page\" data-elementor-id=\"7\" class=\"elementor elementor-7\">\n\t\t\t\t<div class=\"elementor-element elementor-element-e6474c7 e-flex e-con-boxed e-con e-parent\" data-id=\"e6474c7\" data-element_type=\"container\" data-e-type=\"container\">\n\t\t\t\t\t<div class=\"e-con-inner\">\n\t\t<div class=\"elementor-element elementor-element-1fd8447 e-flex e-con-boxed e-con e-child\" data-id=\"1fd8447\" data-element_type=\"container\" data-e-type=\"container\">\n\t\t\t\t\t<div class=\"e-con-inner\">\n\t\t\t\t<div class=\"elementor-element elementor-element-0c0fb5a elementor-widget elementor-widget-heading\" data-id=\"0c0fb5a\" data-element_type=\"widget\" data-e-type=\"widget\" data-widget_type=\"heading.default\">\n\t\t\t\t<div class=\"elementor-widget-container\">\n\t\t\t\t\t<h2 class=\"elementor-heading-title elementor-size-default\">Le portefeuille d\u00e9butant <span style=\"border-style: solid;--tw-border-spacing-x: 0;--tw-border-spacing-y: 0;--tw-translate-x: 0;--tw-translate-y: 0;--tw-rotate: 0;--tw-skew-x: 0;--tw-skew-y: 0;--tw-scale-x: 1;--tw-scale-y: 1;--tw-pan-x:;--tw-pan-y:;--tw-pinch-zoom:;--tw-scroll-snap-strictness: proximity;--tw-gradient-from-position:;--tw-gradient-via-position:;--tw-gradient-to-position:;--tw-ordinal:;--tw-slashed-zero:;--tw-numeric-figure:;--tw-numeric-spacing:;--tw-numeric-fraction:;--tw-ring-inset:;--tw-ring-offset-width: 0px;--tw-ring-offset-color: #fff;--tw-ring-offset-shadow: 0 0 transparent;--tw-ring-shadow: 0 0 transparent;--tw-shadow: 0 0 transparent;--tw-shadow-colored: 0 0 transparent;--tw-blur:;--tw-brightness:;--tw-contrast:;--tw-grayscale:;--tw-hue-rotate:;--tw-invert:;--tw-saturate:;--tw-sepia:;--tw-drop-shadow:;--tw-backdrop-blur:;--tw-backdrop-brightness:;--tw-backdrop-contrast:;--tw-backdrop-grayscale:;--tw-backdrop-hue-rotate:;--tw-backdrop-invert:;--tw-backdrop-opacity:;--tw-backdrop-saturate:;--tw-backdrop-sepia:;font-weight: 600;color: var(--tw-prose-bold);font-size: 16px;font-style: normal\"> :<\/span><\/h2>\t\t\t\t<\/div>\n\t\t\t\t<\/div>\n\t\t\t\t<div class=\"elementor-element elementor-element-4e2e04b elementor-widget elementor-widget-text-editor\" data-id=\"4e2e04b\" data-element_type=\"widget\" data-e-type=\"widget\" data-widget_type=\"text-editor.default\">\n\t\t\t\t<div class=\"elementor-widget-container\">\n\t\t\t\t\t\t\t\t\t<p><span style=\"color: #7a7a7a; font-family: Roboto, sans-serif; font-size: 14px; font-style: normal; font-variant-ligatures: normal; font-variant-caps: normal; font-weight: 300; white-space-collapse: preserve;\">Ce tableau portefeuille d\u00e9butant a \u00e9t\u00e9 cr\u00e9\u00e9 pour guider les novices \u00e0 faire cro\u00eetre leurs portefeuilles avec une petite somme. En investissant peu \u00e0 peu des petites sommes afin que les d\u00e9butants puissent investir de mani\u00e8re simple et progressive, maximisant les opportunit\u00e9s tout en minimisant les risques. Le tableau vise \u00e0 d\u00e9mystifier l&rsquo;investissement, offrant une feuille de route claire pour construire un avenir financier solide.<\/span><\/p>\t\t\t\t\t\t\t\t<\/div>\n\t\t\t\t<\/div>\n\t\t\t\t\t<\/div>\n\t\t\t\t<\/div>\n\t\t\t\t\t<\/div>\n\t\t\t\t<\/div>\n\t\t<div class=\"elementor-element elementor-element-da96dec e-flex e-con-boxed e-con e-parent\" data-id=\"da96dec\" data-element_type=\"container\" data-e-type=\"container\">\n\t\t\t\t\t<div class=\"e-con-inner\">\n\t\t\t\t<div class=\"elementor-element elementor-element-6ac1fe7 elementor-widget elementor-widget-text-editor\" data-id=\"6ac1fe7\" data-element_type=\"widget\" data-e-type=\"widget\" data-widget_type=\"text-editor.default\">\n\t\t\t\t<div class=\"elementor-widget-container\">\n\t\t\t\t\t\t\t\t\t<p>\n<table id=\"tablepress-3\" class=\"tablepress tablepress-id-3\">\n<thead>\n<tr class=\"row-1\">\n\t<th class=\"column-1\">VALEURS<\/th><th class=\"column-2\">N TITRES<\/th><th class=\"column-3\">PRIX AU 23\/12\/2025<\/th><th class=\"column-4\">DEVISES<\/th><th class=\"column-5\">TOTAL<\/th><th class=\"column-6\">%<\/th>\n<\/tr>\n<\/thead>\n<tbody class=\"row-striping row-hover\">\n<tr class=\"row-2\">\n\t<td class=\"column-1\">TOTAL ENERGIES<\/td><td class=\"column-2\">64<\/td><td class=\"column-3\">55,85<\/td><td class=\"column-4\">1<\/td><td class=\"column-5\">3574<\/td><td class=\"column-6\">23,36<\/td>\n<\/tr>\n<tr class=\"row-3\">\n\t<td class=\"column-1\">ALPHABET<\/td><td class=\"column-2\">24<\/td><td class=\"column-3\">314,275<\/td><td class=\"column-4\">0,848<\/td><td class=\"column-5\">6395<\/td><td class=\"column-6\">41,79<\/td>\n<\/tr>\n<tr class=\"row-4\">\n\t<td class=\"column-1\">ALIBABA<\/td><td class=\"column-2\">10<\/td><td class=\"column-3\">150,495<\/td><td class=\"column-4\">0,848<\/td><td class=\"column-5\">1276<\/td><td class=\"column-6\">8,34<\/td>\n<\/tr>\n<tr class=\"row-5\">\n\t<td class=\"column-1\">BNP<\/td><td class=\"column-2\">15<\/td><td class=\"column-3\">80,61<\/td><td class=\"column-4\">1<\/td><td class=\"column-5\">1209<\/td><td class=\"column-6\">7,90<\/td>\n<\/tr>\n<tr class=\"row-6\">\n\t<td class=\"column-1\">METROPOLE TELEVISION<\/td><td class=\"column-2\">66<\/td><td class=\"column-3\">11,96<\/td><td class=\"column-4\">1<\/td><td class=\"column-5\">789<\/td><td class=\"column-6\">5,16<\/td>\n<\/tr>\n<tr class=\"row-7\">\n\t<td class=\"column-1\">PFIZER<\/td><td class=\"column-2\">30<\/td><td class=\"column-3\">25,09<\/td><td class=\"column-4\">0,848<\/td><td class=\"column-5\">638<\/td><td class=\"column-6\">4,17<\/td>\n<\/tr>\n<tr class=\"row-8\">\n\t<td class=\"column-1\">PERNOD RICARD<\/td><td class=\"column-2\">6<\/td><td class=\"column-3\">72,9<\/td><td class=\"column-4\">1<\/td><td class=\"column-5\">437<\/td><td class=\"column-6\">2,86<\/td>\n<\/tr>\n<tr class=\"row-9\">\n\t<td class=\"column-1\">NIKE<\/td><td class=\"column-2\">8<\/td><td class=\"column-3\">57,3<\/td><td class=\"column-4\">0,848<\/td><td class=\"column-5\">389<\/td><td class=\"column-6\">2,54<\/td>\n<\/tr>\n<tr class=\"row-10\">\n\t<td class=\"column-1\">ESPECES<\/td><td class=\"column-2\"><\/td><td class=\"column-3\"><\/td><td class=\"column-4\">1<\/td><td class=\"column-5\">1,00<\/td><td class=\"column-6\">0,01<\/td>\n<\/tr>\n<tr class=\"row-11\">\n\t<td class=\"column-1\">DIVIDENDES<\/td><td class=\"column-2\"><\/td><td class=\"column-3\"><\/td><td class=\"column-4\">15<\/td><td class=\"column-5\">0,00<\/td><td class=\"column-6\">2,80<\/td>\n<\/tr>\n<tr class=\"row-12\">\n\t<td class=\"column-1\">YOUTUBE ADSENS<\/td><td class=\"column-2\"><\/td><td class=\"column-3\"><\/td><td class=\"column-4\">1<\/td><td class=\"column-5\">428,00<\/td><td class=\"column-6\">0,00<\/td>\n<\/tr>\n<tr class=\"row-13\">\n\t<td class=\"column-1\">PARAINAGE<\/td><td class=\"column-2\"><\/td><td class=\"column-3\"><\/td><td class=\"column-4\">1<\/td><td class=\"column-5\">166,00<\/td><td class=\"column-6\">1,08<\/td>\n<\/tr>\n<tr class=\"row-14\">\n\t<td class=\"column-1\">MONING<\/td><td class=\"column-2\"><\/td><td class=\"column-3\"><\/td><td class=\"column-4\">1<\/td><td class=\"column-5\">0,00<\/td><td class=\"column-6\">0,00<\/td>\n<\/tr>\n<tr class=\"row-15\">\n\t<td class=\"column-1\">TOTAL<\/td><td class=\"column-2\"><\/td><td class=\"column-3\"><\/td><td class=\"column-4\"><\/td><td class=\"column-5\">15303<\/td><td class=\"column-6\">100<\/td>\n<\/tr>\n<tr class=\"row-16\">\n\t<td class=\"column-1\"><\/td><td class=\"column-2\"><\/td><td class=\"column-3\"><\/td><td class=\"column-4\"><\/td><td class=\"column-5\"><\/td><td class=\"column-6\"><\/td>\n<\/tr>\n<tr class=\"row-17\">\n\t<td class=\"column-1\"><\/td><td class=\"column-2\"><\/td><td class=\"column-3\"><\/td><td class=\"column-4\">7764 \u20ac<\/td><td class=\"column-5\">102,98 %<\/td><td class=\"column-6\"><\/td>\n<\/tr>\n<tr class=\"row-18\">\n\t<td class=\"column-1\"><\/td><td class=\"column-2\"><\/td><td class=\"column-3\"><\/td><td class=\"column-4\"><\/td><td class=\"column-5\"><\/td><td class=\"column-6\"><\/td>\n<\/tr>\n<tr class=\"row-19\">\n\t<td class=\"column-1\"><\/td><td class=\"column-2\"><\/td><td class=\"column-3\"><\/td><td class=\"column-4\">DIVIDENDES D\u00c9CEMBREBRE<\/td><td class=\"column-5\"><\/td><td class=\"column-6\">15 \u20ac<\/td>\n<\/tr>\n<\/tbody>\n<\/table>\n<!-- #tablepress-3 from cache --><\/p>\t\t\t\t\t\t\t\t<\/div>\n\t\t\t\t<\/div>\n\t\t\t\t\t<\/div>\n\t\t\t\t<\/div>\n\t\t<div class=\"elementor-element elementor-element-abfffca e-flex e-con-boxed e-con e-parent\" data-id=\"abfffca\" data-element_type=\"container\" data-e-type=\"container\">\n\t\t\t\t\t<div class=\"e-con-inner\">\n\t\t\t\t\t<\/div>\n\t\t\t\t<\/div>\n\t\t\t\t<\/div>\n\t\t","protected":false},"excerpt":{"rendered":"<p>Le portefeuille d\u00e9butant : Ce tableau portefeuille d\u00e9butant a \u00e9t\u00e9 cr\u00e9\u00e9 pour guider les novices \u00e0 faire cro\u00eetre leurs portefeuilles avec une petite somme. En investissant peu \u00e0 peu des petites sommes afin que les d\u00e9butants puissent investir de mani\u00e8re simple et progressive, maximisant les opportunit\u00e9s tout en minimisant les risques. Le tableau vise \u00e0 [&hellip;]<\/p>\n","protected":false},"author":1,"featured_media":0,"parent":0,"menu_order":0,"comment_status":"closed","ping_status":"closed","template":"elementor_header_footer","meta":{"om_disable_all_campaigns":false,"_monsterinsights_skip_tracking":false,"_monsterinsights_sitenote_active":false,"_monsterinsights_sitenote_note":"","_monsterinsights_sitenote_category":0,"ocean_post_layout":"","ocean_both_sidebars_style":"","ocean_both_sidebars_content_width":0,"ocean_both_sidebars_sidebars_width":0,"ocean_sidebar":"","ocean_second_sidebar":"","ocean_disable_margins":"enable","ocean_add_body_class":"","ocean_shortcode_before_top_bar":"","ocean_shortcode_after_top_bar":"","ocean_shortcode_before_header":"","ocean_shortcode_after_header":"","ocean_has_shortcode":"","ocean_shortcode_after_title":"","ocean_shortcode_before_footer_widgets":"","ocean_shortcode_after_footer_widgets":"","ocean_shortcode_before_footer_bottom":"","ocean_shortcode_after_footer_bottom":"","ocean_display_top_bar":"default","ocean_display_header":"default","ocean_header_style":"","ocean_center_header_left_menu":"","ocean_custom_header_template":"","ocean_custom_logo":0,"ocean_custom_retina_logo":0,"ocean_custom_logo_max_width":0,"ocean_custom_logo_tablet_max_width":0,"ocean_custom_logo_mobile_max_width":0,"ocean_custom_logo_max_height":0,"ocean_custom_logo_tablet_max_height":0,"ocean_custom_logo_mobile_max_height":0,"ocean_header_custom_menu":"","ocean_menu_typo_font_family":"","ocean_menu_typo_font_subset":"","ocean_menu_typo_font_size":0,"ocean_menu_typo_font_size_tablet":0,"ocean_menu_typo_font_size_mobile":0,"ocean_menu_typo_font_size_unit":"px","ocean_menu_typo_font_weight":"","ocean_menu_typo_font_weight_tablet":"","ocean_menu_typo_font_weight_mobile":"","ocean_menu_typo_transform":"","ocean_menu_typo_transform_tablet":"","ocean_menu_typo_transform_mobile":"","ocean_menu_typo_line_height":0,"ocean_menu_typo_line_height_tablet":0,"ocean_menu_typo_line_height_mobile":0,"ocean_menu_typo_line_height_unit":"","ocean_menu_typo_spacing":0,"ocean_menu_typo_spacing_tablet":0,"ocean_menu_typo_spacing_mobile":0,"ocean_menu_typo_spacing_unit":"","ocean_menu_link_color":"","ocean_menu_link_color_hover":"","ocean_menu_link_color_active":"","ocean_menu_link_background":"","ocean_menu_link_hover_background":"","ocean_menu_link_active_background":"","ocean_menu_social_links_bg":"","ocean_menu_social_hover_links_bg":"","ocean_menu_social_links_color":"","ocean_menu_social_hover_links_color":"","ocean_disable_title":"default","ocean_disable_heading":"default","ocean_post_title":"","ocean_post_subheading":"","ocean_post_title_style":"","ocean_post_title_background_color":"","ocean_post_title_background":0,"ocean_post_title_bg_image_position":"","ocean_post_title_bg_image_attachment":"","ocean_post_title_bg_image_repeat":"","ocean_post_title_bg_image_size":"","ocean_post_title_height":0,"ocean_post_title_bg_overlay":0.5,"ocean_post_title_bg_overlay_color":"","ocean_disable_breadcrumbs":"default","ocean_breadcrumbs_color":"","ocean_breadcrumbs_separator_color":"","ocean_breadcrumbs_links_color":"","ocean_breadcrumbs_links_hover_color":"","ocean_display_footer_widgets":"default","ocean_display_footer_bottom":"default","ocean_custom_footer_template":"","ofc_meta_disable_footer_callout":"","ofc_meta_callout_button_url":"","ofc_meta_callout_button_txt":"","ofc_meta_callout_text":"","ofc_enable_fullscreen":"disable","ofc_fullscreen_speed":0,"ofc_fullscreen_nav":"enable","ofc_fullscreen_nav_pos":"right","ofc_fullscreen_nav_color":"","ofc_fullscreen_nav_tooltip_color":"","ofc_fullscreen_responsive":0,"osp_disable_panel":"default","osh_disable_topbar_sticky":"default","osh_disable_header_sticky":"default","osh_sticky_header_style":"default","osh_sticky_header_effect":"","osh_custom_sticky_logo":0,"osh_custom_retina_sticky_logo":0,"osh_custom_sticky_logo_height":0,"osh_background_color":"","osh_links_color":"","osh_links_hover_color":"","osh_links_active_color":"","osh_links_bg_color":"","osh_links_hover_bg_color":"","osh_links_active_bg_color":"","osh_menu_social_links_color":"","osh_menu_social_hover_links_color":"","footnotes":""},"class_list":["post-7","page","type-page","status-publish","hentry","entry"],"_links":{"self":[{"href":"https:\/\/www.powertrade.fr\/index.php\/wp-json\/wp\/v2\/pages\/7","targetHints":{"allow":["GET"]}}],"collection":[{"href":"https:\/\/www.powertrade.fr\/index.php\/wp-json\/wp\/v2\/pages"}],"about":[{"href":"https:\/\/www.powertrade.fr\/index.php\/wp-json\/wp\/v2\/types\/page"}],"author":[{"embeddable":true,"href":"https:\/\/www.powertrade.fr\/index.php\/wp-json\/wp\/v2\/users\/1"}],"replies":[{"embeddable":true,"href":"https:\/\/www.powertrade.fr\/index.php\/wp-json\/wp\/v2\/comments?post=7"}],"version-history":[{"count":31,"href":"https:\/\/www.powertrade.fr\/index.php\/wp-json\/wp\/v2\/pages\/7\/revisions"}],"predecessor-version":[{"id":1642,"href":"https:\/\/www.powertrade.fr\/index.php\/wp-json\/wp\/v2\/pages\/7\/revisions\/1642"}],"wp:attachment":[{"href":"https:\/\/www.powertrade.fr\/index.php\/wp-json\/wp\/v2\/media?parent=7"}],"curies":[{"name":"wp","href":"https:\/\/api.w.org\/{rel}","templated":true}]}}