{"id":4429,"date":"2025-06-23T12:38:28","date_gmt":"2025-06-23T10:38:28","guid":{"rendered":"https:\/\/www.powertrade.fr\/?page_id=4429"},"modified":"2025-08-15T11:08:02","modified_gmt":"2025-08-15T09:08:02","slug":"sante","status":"publish","type":"page","link":"https:\/\/www.powertrade.fr\/index.php\/sante\/","title":{"rendered":"SANTE"},"content":{"rendered":"\t\t<div data-elementor-type=\"wp-page\" data-elementor-id=\"4429\" class=\"elementor elementor-4429\">\n\t\t\t\t<div class=\"elementor-element elementor-element-05992e1 e-grid e-con-boxed e-con e-parent\" data-id=\"05992e1\" data-element_type=\"container\" data-e-type=\"container\">\n\t\t\t\t\t<div class=\"e-con-inner\">\n\t\t\t\t<div class=\"elementor-element elementor-element-5ea0f7d elementor-widget elementor-widget-image\" data-id=\"5ea0f7d\" data-element_type=\"widget\" data-e-type=\"widget\" data-widget_type=\"image.default\">\n\t\t\t\t<div class=\"elementor-widget-container\">\n\t\t\t\t\t\t\t\t\t\t\t\t\t\t\t\t<a href=\"https:\/\/amzn.to\/442Qmme\" target=\"_blank\">\n\t\t\t\t\t\t\t<img decoding=\"async\" width=\"150\" height=\"150\" src=\"https:\/\/www.powertrade.fr\/wp-content\/uploads\/2025\/07\/shopping-150x150.webp\" class=\"attachment-thumbnail size-thumbnail wp-image-4490\" alt=\"\" \/>\t\t\t\t\t\t\t\t<\/a>\n\t\t\t\t\t\t\t\t\t\t\t\t\t\t\t<\/div>\n\t\t\t\t<\/div>\n\t\t\t\t<div class=\"elementor-element elementor-element-eb691bd elementor-widget elementor-widget-text-editor\" data-id=\"eb691bd\" data-element_type=\"widget\" data-e-type=\"widget\" data-widget_type=\"text-editor.default\">\n\t\t\t\t<div class=\"elementor-widget-container\">\n\t\t\t\t\t\t\t\t\t<p><a href=\"https:\/\/amzn.to\/442Qmme\" target=\"_blank\" rel=\"noopener\" data-wplink-edit=\"true\">Fouet matcha en bambou naturel, fouets \u00e0 matcha traditionnelle faite \u00e0 la main,<\/a><\/p>\t\t\t\t\t\t\t\t<\/div>\n\t\t\t\t<\/div>\n\t\t\t\t<div class=\"elementor-element elementor-element-d7094e6 elementor-widget elementor-widget-image\" data-id=\"d7094e6\" data-element_type=\"widget\" data-e-type=\"widget\" data-widget_type=\"image.default\">\n\t\t\t\t<div class=\"elementor-widget-container\">\n\t\t\t\t\t\t\t\t\t\t\t\t\t\t\t\t<a href=\"https:\/\/amzn.to\/4e6uhb1\" target=\"_blank\">\n\t\t\t\t\t\t\t<img decoding=\"async\" width=\"150\" height=\"150\" src=\"https:\/\/www.powertrade.fr\/wp-content\/uploads\/2025\/07\/A1WoQosRtoL-150x150.jpg\" class=\"attachment-thumbnail size-thumbnail wp-image-4489\" alt=\"\" srcset=\"https:\/\/www.powertrade.fr\/wp-content\/uploads\/2025\/07\/A1WoQosRtoL-150x150.jpg 150w, https:\/\/www.powertrade.fr\/wp-content\/uploads\/2025\/07\/A1WoQosRtoL-300x300.jpg 300w, https:\/\/www.powertrade.fr\/wp-content\/uploads\/2025\/07\/A1WoQosRtoL-1024x1024.jpg 1024w, https:\/\/www.powertrade.fr\/wp-content\/uploads\/2025\/07\/A1WoQosRtoL-768x768.jpg 768w, https:\/\/www.powertrade.fr\/wp-content\/uploads\/2025\/07\/A1WoQosRtoL-1536x1536.jpg 1536w, https:\/\/www.powertrade.fr\/wp-content\/uploads\/2025\/07\/A1WoQosRtoL-2048x2048.jpg 2048w, https:\/\/www.powertrade.fr\/wp-content\/uploads\/2025\/07\/A1WoQosRtoL-600x600.jpg 600w\" sizes=\"(max-width: 150px) 100vw, 150px\" \/>\t\t\t\t\t\t\t\t<\/a>\n\t\t\t\t\t\t\t\t\t\t\t\t\t\t\t<\/div>\n\t\t\t\t<\/div>\n\t\t\t\t<div class=\"elementor-element elementor-element-eb2d6bf elementor-widget elementor-widget-text-editor\" data-id=\"eb2d6bf\" data-element_type=\"widget\" data-e-type=\"widget\" data-widget_type=\"text-editor.default\">\n\t\t\t\t<div class=\"elementor-widget-container\">\n\t\t\t\t\t\t\t\t\t<p><a href=\"https:\/\/amzn.to\/4e6uhb1\" target=\"_blank\" rel=\"noopener\" data-wplink-edit=\"true\">Matcha D\u00e9gustation Bio 80g \u2013 Origine Japon et sachet compostable<\/a><\/p>\t\t\t\t\t\t\t\t<\/div>\n\t\t\t\t<\/div>\n\t\t\t\t<div class=\"elementor-element elementor-element-f96fb43 elementor-widget elementor-widget-image\" data-id=\"f96fb43\" data-element_type=\"widget\" data-e-type=\"widget\" data-widget_type=\"image.default\">\n\t\t\t\t<div class=\"elementor-widget-container\">\n\t\t\t\t\t\t\t\t\t\t\t\t\t\t\t\t<a href=\"https:\/\/amzn.to\/4l6IQgX\" target=\"_blank\">\n\t\t\t\t\t\t\t<img decoding=\"async\" width=\"150\" height=\"150\" src=\"https:\/\/www.powertrade.fr\/wp-content\/uploads\/2025\/07\/A1ntcsDd5iL._UF8941000_QL80_-150x150.jpg\" class=\"attachment-thumbnail size-thumbnail wp-image-4488\" alt=\"\" srcset=\"https:\/\/www.powertrade.fr\/wp-content\/uploads\/2025\/07\/A1ntcsDd5iL._UF8941000_QL80_-150x150.jpg 150w, https:\/\/www.powertrade.fr\/wp-content\/uploads\/2025\/07\/A1ntcsDd5iL._UF8941000_QL80_-300x300.jpg 300w, https:\/\/www.powertrade.fr\/wp-content\/uploads\/2025\/07\/A1ntcsDd5iL._UF8941000_QL80_-768x768.jpg 768w, https:\/\/www.powertrade.fr\/wp-content\/uploads\/2025\/07\/A1ntcsDd5iL._UF8941000_QL80_-600x600.jpg 600w, https:\/\/www.powertrade.fr\/wp-content\/uploads\/2025\/07\/A1ntcsDd5iL._UF8941000_QL80_.jpg 894w\" sizes=\"(max-width: 150px) 100vw, 150px\" \/>\t\t\t\t\t\t\t\t<\/a>\n\t\t\t\t\t\t\t\t\t\t\t\t\t\t\t<\/div>\n\t\t\t\t<\/div>\n\t\t\t\t<div class=\"elementor-element elementor-element-9af53cd elementor-widget elementor-widget-text-editor\" data-id=\"9af53cd\" data-element_type=\"widget\" data-e-type=\"widget\" data-widget_type=\"text-editor.default\">\n\t\t\t\t<div class=\"elementor-widget-container\">\n\t\t\t\t\t\t\t\t\t<p><a href=\"https:\/\/amzn.to\/4l6IQgX\" target=\"_blank\" rel=\"noopener\" data-wplink-edit=\"true\">Ginseng Rouge Cor\u00e9en Panax Ginseng \u2013 Ginseng Rouge Asiatique<\/a><\/p>\t\t\t\t\t\t\t\t<\/div>\n\t\t\t\t<\/div>\n\t\t\t\t<div class=\"elementor-element elementor-element-67992f5 elementor-widget elementor-widget-image\" data-id=\"67992f5\" data-element_type=\"widget\" data-e-type=\"widget\" data-widget_type=\"image.default\">\n\t\t\t\t<div class=\"elementor-widget-container\">\n\t\t\t\t\t\t\t\t\t\t\t\t\t\t\t\t<a href=\"https:\/\/amzn.to\/3ZWRPJF\" target=\"_blank\">\n\t\t\t\t\t\t\t<img loading=\"lazy\" decoding=\"async\" width=\"150\" height=\"150\" src=\"https:\/\/www.powertrade.fr\/wp-content\/uploads\/2025\/07\/7106muIcBL-150x150.jpg\" class=\"attachment-thumbnail size-thumbnail wp-image-4487\" alt=\"\" srcset=\"https:\/\/www.powertrade.fr\/wp-content\/uploads\/2025\/07\/7106muIcBL-150x150.jpg 150w, https:\/\/www.powertrade.fr\/wp-content\/uploads\/2025\/07\/7106muIcBL-300x300.jpg 300w, https:\/\/www.powertrade.fr\/wp-content\/uploads\/2025\/07\/7106muIcBL-1024x1024.jpg 1024w, https:\/\/www.powertrade.fr\/wp-content\/uploads\/2025\/07\/7106muIcBL-768x768.jpg 768w, https:\/\/www.powertrade.fr\/wp-content\/uploads\/2025\/07\/7106muIcBL-1536x1536.jpg 1536w, https:\/\/www.powertrade.fr\/wp-content\/uploads\/2025\/07\/7106muIcBL-600x600.jpg 600w, https:\/\/www.powertrade.fr\/wp-content\/uploads\/2025\/07\/7106muIcBL.jpg 2000w\" sizes=\"(max-width: 150px) 100vw, 150px\" \/>\t\t\t\t\t\t\t\t<\/a>\n\t\t\t\t\t\t\t\t\t\t\t\t\t\t\t<\/div>\n\t\t\t\t<\/div>\n\t\t\t\t<div class=\"elementor-element elementor-element-30e9b98 elementor-widget elementor-widget-text-editor\" data-id=\"30e9b98\" data-element_type=\"widget\" data-e-type=\"widget\" data-widget_type=\"text-editor.default\">\n\t\t\t\t<div class=\"elementor-widget-container\">\n\t\t\t\t\t\t\t\t\t<p><a href=\"https:\/\/amzn.to\/3ZWRPJF\" target=\"_blank\" rel=\"noopener\" data-wplink-edit=\"true\">Filtres \u00e0 eau pour bouteilles filtrantes<\/a><\/p>\t\t\t\t\t\t\t\t<\/div>\n\t\t\t\t<\/div>\n\t\t\t\t<div class=\"elementor-element elementor-element-79039dd elementor-widget elementor-widget-image\" data-id=\"79039dd\" data-element_type=\"widget\" data-e-type=\"widget\" data-widget_type=\"image.default\">\n\t\t\t\t<div class=\"elementor-widget-container\">\n\t\t\t\t\t\t\t\t\t\t\t\t\t\t\t\t<a href=\"https:\/\/amzn.to\/4er12QB\" target=\"_blank\">\n\t\t\t\t\t\t\t<img loading=\"lazy\" decoding=\"async\" width=\"150\" height=\"150\" src=\"https:\/\/www.powertrade.fr\/wp-content\/uploads\/2025\/07\/71oQxbvyNL-150x150.jpg\" class=\"attachment-thumbnail size-thumbnail wp-image-4481\" alt=\"\" srcset=\"https:\/\/www.powertrade.fr\/wp-content\/uploads\/2025\/07\/71oQxbvyNL-150x150.jpg 150w, https:\/\/www.powertrade.fr\/wp-content\/uploads\/2025\/07\/71oQxbvyNL-300x300.jpg 300w, https:\/\/www.powertrade.fr\/wp-content\/uploads\/2025\/07\/71oQxbvyNL-1024x1024.jpg 1024w, https:\/\/www.powertrade.fr\/wp-content\/uploads\/2025\/07\/71oQxbvyNL-768x768.jpg 768w, https:\/\/www.powertrade.fr\/wp-content\/uploads\/2025\/07\/71oQxbvyNL-1536x1536.jpg 1536w, https:\/\/www.powertrade.fr\/wp-content\/uploads\/2025\/07\/71oQxbvyNL-600x600.jpg 600w, https:\/\/www.powertrade.fr\/wp-content\/uploads\/2025\/07\/71oQxbvyNL.jpg 2000w\" sizes=\"(max-width: 150px) 100vw, 150px\" \/>\t\t\t\t\t\t\t\t<\/a>\n\t\t\t\t\t\t\t\t\t\t\t\t\t\t\t<\/div>\n\t\t\t\t<\/div>\n\t\t\t\t<div class=\"elementor-element elementor-element-c744d12 elementor-widget elementor-widget-text-editor\" data-id=\"c744d12\" data-element_type=\"widget\" data-e-type=\"widget\" data-widget_type=\"text-editor.default\">\n\t\t\t\t<div class=\"elementor-widget-container\">\n\t\t\t\t\t\t\t\t\t<p><a href=\"https:\/\/amzn.to\/4er12QB\" target=\"_blank\" rel=\"noopener\" data-wplink-edit=\"true\">BRITA bouteille filtrante blanc graphite<\/a><\/p>\t\t\t\t\t\t\t\t<\/div>\n\t\t\t\t<\/div>\n\t\t\t\t<div class=\"elementor-element elementor-element-9abcb31 elementor-widget elementor-widget-image\" data-id=\"9abcb31\" data-element_type=\"widget\" data-e-type=\"widget\" data-widget_type=\"image.default\">\n\t\t\t\t<div class=\"elementor-widget-container\">\n\t\t\t\t\t\t\t\t\t\t\t\t\t\t\t\t<a href=\"https:\/\/amzn.to\/4e7wIKw\" target=\"_blank\">\n\t\t\t\t\t\t\t<img loading=\"lazy\" decoding=\"async\" width=\"150\" height=\"150\" src=\"https:\/\/www.powertrade.fr\/wp-content\/uploads\/2025\/07\/513wHyiPrsL-150x150.jpg\" class=\"attachment-thumbnail size-thumbnail wp-image-4486\" alt=\"\" srcset=\"https:\/\/www.powertrade.fr\/wp-content\/uploads\/2025\/07\/513wHyiPrsL-150x150.jpg 150w, https:\/\/www.powertrade.fr\/wp-content\/uploads\/2025\/07\/513wHyiPrsL-300x300.jpg 300w, https:\/\/www.powertrade.fr\/wp-content\/uploads\/2025\/07\/513wHyiPrsL-768x768.jpg 768w, https:\/\/www.powertrade.fr\/wp-content\/uploads\/2025\/07\/513wHyiPrsL-600x600.jpg 600w, https:\/\/www.powertrade.fr\/wp-content\/uploads\/2025\/07\/513wHyiPrsL.jpg 1010w\" sizes=\"(max-width: 150px) 100vw, 150px\" \/>\t\t\t\t\t\t\t\t<\/a>\n\t\t\t\t\t\t\t\t\t\t\t\t\t\t\t<\/div>\n\t\t\t\t<\/div>\n\t\t\t\t<div class=\"elementor-element elementor-element-8db21f6 elementor-widget elementor-widget-text-editor\" data-id=\"8db21f6\" data-element_type=\"widget\" data-e-type=\"widget\" data-widget_type=\"text-editor.default\">\n\t\t\t\t<div class=\"elementor-widget-container\">\n\t\t\t\t\t\t\t\t\t<p><a href=\"https:\/\/amzn.to\/4e7wIKw\" target=\"_blank\" rel=\"noopener\" data-wplink-edit=\"true\">Service \u00e0 Th\u00e9 en Fonte Dragon Chinois \u2013 1 Th\u00e9i\u00e8re, 4 Tasses en Fonte &amp; Filtre Infuseur \u2013 Capacit\u00e9 0,8L<\/a><\/p>\t\t\t\t\t\t\t\t<\/div>\n\t\t\t\t<\/div>\n\t\t\t\t<div class=\"elementor-element elementor-element-f712e1a elementor-widget elementor-widget-image\" data-id=\"f712e1a\" data-element_type=\"widget\" data-e-type=\"widget\" data-widget_type=\"image.default\">\n\t\t\t\t<div class=\"elementor-widget-container\">\n\t\t\t\t\t\t\t\t\t\t\t\t\t\t\t\t<a href=\"https:\/\/amzn.to\/4l8EEh0\" target=\"_blank\">\n\t\t\t\t\t\t\t<img loading=\"lazy\" decoding=\"async\" width=\"150\" height=\"150\" src=\"https:\/\/www.powertrade.fr\/wp-content\/uploads\/2025\/07\/416tS1K9fVL._AC_-150x150.jpg\" class=\"attachment-thumbnail size-thumbnail wp-image-4485\" alt=\"\" \/>\t\t\t\t\t\t\t\t<\/a>\n\t\t\t\t\t\t\t\t\t\t\t\t\t\t\t<\/div>\n\t\t\t\t<\/div>\n\t\t\t\t<div class=\"elementor-element elementor-element-7b1f138 elementor-widget elementor-widget-text-editor\" data-id=\"7b1f138\" data-element_type=\"widget\" data-e-type=\"widget\" data-widget_type=\"text-editor.default\">\n\t\t\t\t<div class=\"elementor-widget-container\">\n\t\t\t\t\t\t\t\t\t<p><a href=\"https:\/\/amzn.to\/4l8EEh0\" target=\"_blank\" rel=\"noopener\" data-wplink-edit=\"true\">\u00a0Huile d\u2019Argan Marocaine Pure &amp; Naturelle pour le Visage &amp; le Corps 100ml<\/a><\/p>\t\t\t\t\t\t\t\t<\/div>\n\t\t\t\t<\/div>\n\t\t\t\t<div class=\"elementor-element elementor-element-a2c12c8 elementor-widget elementor-widget-image\" data-id=\"a2c12c8\" data-element_type=\"widget\" data-e-type=\"widget\" data-widget_type=\"image.default\">\n\t\t\t\t<div class=\"elementor-widget-container\">\n\t\t\t\t\t\t\t\t\t\t\t\t\t\t\t\t<a href=\"https:\/\/amzn.to\/3SOy7Ml\" target=\"_blank\">\n\t\t\t\t\t\t\t<img loading=\"lazy\" decoding=\"async\" width=\"150\" height=\"150\" src=\"https:\/\/www.powertrade.fr\/wp-content\/uploads\/2025\/07\/81weOc5IArL._UF8941000_QL80_-150x150.jpg\" class=\"attachment-thumbnail size-thumbnail wp-image-4484\" alt=\"\" srcset=\"https:\/\/www.powertrade.fr\/wp-content\/uploads\/2025\/07\/81weOc5IArL._UF8941000_QL80_-150x150.jpg 150w, https:\/\/www.powertrade.fr\/wp-content\/uploads\/2025\/07\/81weOc5IArL._UF8941000_QL80_-300x300.jpg 300w, https:\/\/www.powertrade.fr\/wp-content\/uploads\/2025\/07\/81weOc5IArL._UF8941000_QL80_-768x768.jpg 768w, https:\/\/www.powertrade.fr\/wp-content\/uploads\/2025\/07\/81weOc5IArL._UF8941000_QL80_-600x600.jpg 600w, https:\/\/www.powertrade.fr\/wp-content\/uploads\/2025\/07\/81weOc5IArL._UF8941000_QL80_.jpg 894w\" sizes=\"(max-width: 150px) 100vw, 150px\" \/>\t\t\t\t\t\t\t\t<\/a>\n\t\t\t\t\t\t\t\t\t\t\t\t\t\t\t<\/div>\n\t\t\t\t<\/div>\n\t\t\t\t<div class=\"elementor-element elementor-element-1d22b56 elementor-widget elementor-widget-text-editor\" data-id=\"1d22b56\" data-element_type=\"widget\" data-e-type=\"widget\" data-widget_type=\"text-editor.default\">\n\t\t\t\t<div class=\"elementor-widget-container\">\n\t\t\t\t\t\t\t\t\t<p><a href=\"https:\/\/amzn.to\/3SOy7Ml\" target=\"_blank\" rel=\"noopener\" data-wplink-edit=\"true\">Baies de Goji Bio Sup\u00e9rieures 1KG | Sans soufre et sans Sucres Ajout\u00e9s | HimalayaLorem ipsum dolor sit amet, consectetur adipiscing elit. Ut elit tellus, luctus nec ullamcorper mattis, pulvinar dapibus leo.<\/a><\/p>\t\t\t\t\t\t\t\t<\/div>\n\t\t\t\t<\/div>\n\t\t\t\t<div class=\"elementor-element elementor-element-1eb01fa elementor-widget elementor-widget-image\" data-id=\"1eb01fa\" data-element_type=\"widget\" data-e-type=\"widget\" data-widget_type=\"image.default\">\n\t\t\t\t<div class=\"elementor-widget-container\">\n\t\t\t\t\t\t\t\t\t\t\t\t\t\t\t\t<a href=\"https:\/\/amzn.to\/45qkqL8\" target=\"_blank\">\n\t\t\t\t\t\t\t<img loading=\"lazy\" decoding=\"async\" width=\"150\" height=\"150\" src=\"https:\/\/www.powertrade.fr\/wp-content\/uploads\/2025\/07\/81v1OkI03yL._UF10001000_QL80_-150x150.jpg\" class=\"attachment-thumbnail size-thumbnail wp-image-4483\" alt=\"\" srcset=\"https:\/\/www.powertrade.fr\/wp-content\/uploads\/2025\/07\/81v1OkI03yL._UF10001000_QL80_-150x150.jpg 150w, https:\/\/www.powertrade.fr\/wp-content\/uploads\/2025\/07\/81v1OkI03yL._UF10001000_QL80_-300x300.jpg 300w, https:\/\/www.powertrade.fr\/wp-content\/uploads\/2025\/07\/81v1OkI03yL._UF10001000_QL80_-768x768.jpg 768w, https:\/\/www.powertrade.fr\/wp-content\/uploads\/2025\/07\/81v1OkI03yL._UF10001000_QL80_-600x600.jpg 600w, https:\/\/www.powertrade.fr\/wp-content\/uploads\/2025\/07\/81v1OkI03yL._UF10001000_QL80_.jpg 1000w\" sizes=\"(max-width: 150px) 100vw, 150px\" \/>\t\t\t\t\t\t\t\t<\/a>\n\t\t\t\t\t\t\t\t\t\t\t\t\t\t\t<\/div>\n\t\t\t\t<\/div>\n\t\t\t\t<div class=\"elementor-element elementor-element-a57e14c elementor-widget elementor-widget-text-editor\" data-id=\"a57e14c\" data-element_type=\"widget\" data-e-type=\"widget\" data-widget_type=\"text-editor.default\">\n\t\t\t\t<div class=\"elementor-widget-container\">\n\t\t\t\t\t\t\t\t\t<p><a href=\"https:\/\/amzn.to\/45qkqL8\" target=\"_blank\" rel=\"noopener\" data-wplink-edit=\"true\">Service \u00e0 th\u00e9 japonais avec plateau en bambou, set de fouet \u00e0 matcha, bol \u00e0 matcha avec bec verseur, fouet \u00e0 matcha en bambou (chasen), fouet \u00e0 matcha, bo\u00eete \u00e0 th\u00e9 en poudre<\/a><\/p>\t\t\t\t\t\t\t\t<\/div>\n\t\t\t\t<\/div>\n\t\t\t\t<div class=\"elementor-element elementor-element-2bf00d9 elementor-widget elementor-widget-image\" data-id=\"2bf00d9\" data-element_type=\"widget\" data-e-type=\"widget\" data-widget_type=\"image.default\">\n\t\t\t\t<div class=\"elementor-widget-container\">\n\t\t\t\t\t\t\t\t\t\t\t\t\t\t\t\t<a href=\"https:\/\/amzn.to\/4jOF8rm\" target=\"_blank\">\n\t\t\t\t\t\t\t<img loading=\"lazy\" decoding=\"async\" width=\"150\" height=\"150\" src=\"https:\/\/www.powertrade.fr\/wp-content\/uploads\/2025\/07\/81r7wuaNEaL._UF10001000_QL80_-150x150.jpg\" class=\"attachment-thumbnail size-thumbnail wp-image-4482\" alt=\"\" srcset=\"https:\/\/www.powertrade.fr\/wp-content\/uploads\/2025\/07\/81r7wuaNEaL._UF10001000_QL80_-150x150.jpg 150w, https:\/\/www.powertrade.fr\/wp-content\/uploads\/2025\/07\/81r7wuaNEaL._UF10001000_QL80_-600x600.jpg 600w\" sizes=\"(max-width: 150px) 100vw, 150px\" \/>\t\t\t\t\t\t\t\t<\/a>\n\t\t\t\t\t\t\t\t\t\t\t\t\t\t\t<\/div>\n\t\t\t\t<\/div>\n\t\t\t\t<div class=\"elementor-element elementor-element-63f5993 elementor-widget elementor-widget-text-editor\" data-id=\"63f5993\" data-element_type=\"widget\" data-e-type=\"widget\" data-widget_type=\"text-editor.default\">\n\t\t\t\t<div class=\"elementor-widget-container\">\n\t\t\t\t\t\t\t\t\t<p><a href=\"https:\/\/amzn.to\/4jOF8rm\" target=\"_blank\" rel=\"noopener\" data-wplink-edit=\"true\">Matcha D\u00e9gustation Bio 80g \u2013 Origine Japon et sachet compostable<\/a><\/p>\t\t\t\t\t\t\t\t<\/div>\n\t\t\t\t<\/div>\n\t\t\t\t<div class=\"elementor-element elementor-element-5cd4537 elementor-widget elementor-widget-image\" data-id=\"5cd4537\" data-element_type=\"widget\" data-e-type=\"widget\" data-widget_type=\"image.default\">\n\t\t\t\t<div class=\"elementor-widget-container\">\n\t\t\t\t\t\t\t\t\t\t\t\t\t\t\t\t<a href=\"https:\/\/amzn.to\/3FVXQ2v\">\n\t\t\t\t\t\t\t<img loading=\"lazy\" decoding=\"async\" width=\"150\" height=\"150\" src=\"https:\/\/www.powertrade.fr\/wp-content\/uploads\/2025\/07\/41NKWUatUL-150x150.jpg\" class=\"attachment-thumbnail size-thumbnail wp-image-4480\" alt=\"\" srcset=\"https:\/\/www.powertrade.fr\/wp-content\/uploads\/2025\/07\/41NKWUatUL-150x150.jpg 150w, https:\/\/www.powertrade.fr\/wp-content\/uploads\/2025\/07\/41NKWUatUL-300x300.jpg 300w, https:\/\/www.powertrade.fr\/wp-content\/uploads\/2025\/07\/41NKWUatUL.jpg 500w\" sizes=\"(max-width: 150px) 100vw, 150px\" \/>\t\t\t\t\t\t\t\t<\/a>\n\t\t\t\t\t\t\t\t\t\t\t\t\t\t\t<\/div>\n\t\t\t\t<\/div>\n\t\t\t\t<div class=\"elementor-element elementor-element-4fb317d elementor-widget elementor-widget-text-editor\" data-id=\"4fb317d\" data-element_type=\"widget\" data-e-type=\"widget\" data-widget_type=\"text-editor.default\">\n\t\t\t\t<div class=\"elementor-widget-container\">\n\t\t\t\t\t\t\t\t\t<p><a href=\"https:\/\/amzn.to\/3FVXQ2v\" target=\"_blank\" rel=\"noopener\" data-wplink-edit=\"true\">Accessoires Kongfu th\u00e9 Ensemble Accessoires Outils<\/a><\/p>\t\t\t\t\t\t\t\t<\/div>\n\t\t\t\t<\/div>\n\t\t\t\t<div class=\"elementor-element elementor-element-fa21dd8 elementor-widget elementor-widget-image\" data-id=\"fa21dd8\" data-element_type=\"widget\" data-e-type=\"widget\" data-widget_type=\"image.default\">\n\t\t\t\t<div class=\"elementor-widget-container\">\n\t\t\t\t\t\t\t\t\t\t\t\t\t\t\t\t<a href=\"https:\/\/amzn.to\/4n8HtAy\" target=\"_blank\">\n\t\t\t\t\t\t\t<img loading=\"lazy\" decoding=\"async\" width=\"150\" height=\"150\" src=\"https:\/\/www.powertrade.fr\/wp-content\/uploads\/2025\/07\/41HlKTP6iBL._AC_-150x150.jpg\" class=\"attachment-thumbnail size-thumbnail wp-image-4479\" alt=\"\" srcset=\"https:\/\/www.powertrade.fr\/wp-content\/uploads\/2025\/07\/41HlKTP6iBL._AC_-150x150.jpg 150w, https:\/\/www.powertrade.fr\/wp-content\/uploads\/2025\/07\/41HlKTP6iBL._AC_-453x450.jpg 453w\" sizes=\"(max-width: 150px) 100vw, 150px\" \/>\t\t\t\t\t\t\t\t<\/a>\n\t\t\t\t\t\t\t\t\t\t\t\t\t\t\t<\/div>\n\t\t\t\t<\/div>\n\t\t\t\t<div class=\"elementor-element elementor-element-3ba10eb elementor-widget elementor-widget-text-editor\" data-id=\"3ba10eb\" data-element_type=\"widget\" data-e-type=\"widget\" data-widget_type=\"text-editor.default\">\n\t\t\t\t<div class=\"elementor-widget-container\">\n\t\t\t\t\t\t\t\t\t<p><a href=\"https:\/\/amzn.to\/4n8HtAy\" target=\"_blank\" rel=\"noopener\" data-wplink-edit=\"true\">HIQILI Huile Essentielle Menthe Poivr\u00e9e 100ML<\/a><\/p>\t\t\t\t\t\t\t\t<\/div>\n\t\t\t\t<\/div>\n\t\t\t\t\t<\/div>\n\t\t\t\t<\/div>\n\t\t\t\t<\/div>\n\t\t","protected":false},"excerpt":{"rendered":"<p>Fouet matcha en bambou naturel, fouets \u00e0 matcha traditionnelle faite \u00e0 la main, Matcha D\u00e9gustation Bio 80g \u2013 Origine Japon et sachet compostable Ginseng Rouge Cor\u00e9en Panax Ginseng \u2013 Ginseng Rouge Asiatique Filtres \u00e0 eau pour bouteilles filtrantes BRITA bouteille filtrante blanc graphite Service \u00e0 Th\u00e9 en Fonte Dragon Chinois \u2013 1 Th\u00e9i\u00e8re, 4 Tasses [&hellip;]<\/p>\n","protected":false},"author":1,"featured_media":0,"parent":0,"menu_order":0,"comment_status":"closed","ping_status":"closed","template":"","meta":{"om_disable_all_campaigns":false,"_monsterinsights_skip_tracking":false,"_monsterinsights_sitenote_active":false,"_monsterinsights_sitenote_note":"","_monsterinsights_sitenote_category":0,"ocean_post_layout":"","ocean_both_sidebars_style":"","ocean_both_sidebars_content_width":0,"ocean_both_sidebars_sidebars_width":0,"ocean_sidebar":"","ocean_second_sidebar":"","ocean_disable_margins":"enable","ocean_add_body_class":"","ocean_shortcode_before_top_bar":"","ocean_shortcode_after_top_bar":"","ocean_shortcode_before_header":"","ocean_shortcode_after_header":"","ocean_has_shortcode":"","ocean_shortcode_after_title":"","ocean_shortcode_before_footer_widgets":"","ocean_shortcode_after_footer_widgets":"","ocean_shortcode_before_footer_bottom":"","ocean_shortcode_after_footer_bottom":"","ocean_display_top_bar":"default","ocean_display_header":"default","ocean_header_style":"","ocean_center_header_left_menu":"","ocean_custom_header_template":"","ocean_custom_logo":0,"ocean_custom_retina_logo":0,"ocean_custom_logo_max_width":0,"ocean_custom_logo_tablet_max_width":0,"ocean_custom_logo_mobile_max_width":0,"ocean_custom_logo_max_height":0,"ocean_custom_logo_tablet_max_height":0,"ocean_custom_logo_mobile_max_height":0,"ocean_header_custom_menu":"","ocean_menu_typo_font_family":"","ocean_menu_typo_font_subset":"","ocean_menu_typo_font_size":0,"ocean_menu_typo_font_size_tablet":0,"ocean_menu_typo_font_size_mobile":0,"ocean_menu_typo_font_size_unit":"px","ocean_menu_typo_font_weight":"","ocean_menu_typo_font_weight_tablet":"","ocean_menu_typo_font_weight_mobile":"","ocean_menu_typo_transform":"","ocean_menu_typo_transform_tablet":"","ocean_menu_typo_transform_mobile":"","ocean_menu_typo_line_height":0,"ocean_menu_typo_line_height_tablet":0,"ocean_menu_typo_line_height_mobile":0,"ocean_menu_typo_line_height_unit":"","ocean_menu_typo_spacing":0,"ocean_menu_typo_spacing_tablet":0,"ocean_menu_typo_spacing_mobile":0,"ocean_menu_typo_spacing_unit":"","ocean_menu_link_color":"","ocean_menu_link_color_hover":"","ocean_menu_link_color_active":"","ocean_menu_link_background":"","ocean_menu_link_hover_background":"","ocean_menu_link_active_background":"","ocean_menu_social_links_bg":"","ocean_menu_social_hover_links_bg":"","ocean_menu_social_links_color":"","ocean_menu_social_hover_links_color":"","ocean_disable_title":"default","ocean_disable_heading":"default","ocean_post_title":"","ocean_post_subheading":"","ocean_post_title_style":"","ocean_post_title_background_color":"","ocean_post_title_background":0,"ocean_post_title_bg_image_position":"","ocean_post_title_bg_image_attachment":"","ocean_post_title_bg_image_repeat":"","ocean_post_title_bg_image_size":"","ocean_post_title_height":0,"ocean_post_title_bg_overlay":0.5,"ocean_post_title_bg_overlay_color":"","ocean_disable_breadcrumbs":"default","ocean_breadcrumbs_color":"","ocean_breadcrumbs_separator_color":"","ocean_breadcrumbs_links_color":"","ocean_breadcrumbs_links_hover_color":"","ocean_display_footer_widgets":"default","ocean_display_footer_bottom":"default","ocean_custom_footer_template":"","ofc_meta_disable_footer_callout":"","ofc_meta_callout_button_url":"","ofc_meta_callout_button_txt":"","ofc_meta_callout_text":"","ofc_enable_fullscreen":"disable","ofc_fullscreen_speed":0,"ofc_fullscreen_nav":"enable","ofc_fullscreen_nav_pos":"right","ofc_fullscreen_nav_color":"","ofc_fullscreen_nav_tooltip_color":"","ofc_fullscreen_responsive":0,"osp_disable_panel":"default","osh_disable_topbar_sticky":"default","osh_disable_header_sticky":"default","osh_sticky_header_style":"default","osh_sticky_header_effect":"","osh_custom_sticky_logo":0,"osh_custom_retina_sticky_logo":0,"osh_custom_sticky_logo_height":0,"osh_background_color":"","osh_links_color":"","osh_links_hover_color":"","osh_links_active_color":"","osh_links_bg_color":"","osh_links_hover_bg_color":"","osh_links_active_bg_color":"","osh_menu_social_links_color":"","osh_menu_social_hover_links_color":"","footnotes":""},"class_list":["post-4429","page","type-page","status-publish","hentry","entry"],"_links":{"self":[{"href":"https:\/\/www.powertrade.fr\/index.php\/wp-json\/wp\/v2\/pages\/4429","targetHints":{"allow":["GET"]}}],"collection":[{"href":"https:\/\/www.powertrade.fr\/index.php\/wp-json\/wp\/v2\/pages"}],"about":[{"href":"https:\/\/www.powertrade.fr\/index.php\/wp-json\/wp\/v2\/types\/page"}],"author":[{"embeddable":true,"href":"https:\/\/www.powertrade.fr\/index.php\/wp-json\/wp\/v2\/users\/1"}],"replies":[{"embeddable":true,"href":"https:\/\/www.powertrade.fr\/index.php\/wp-json\/wp\/v2\/comments?post=4429"}],"version-history":[{"count":67,"href":"https:\/\/www.powertrade.fr\/index.php\/wp-json\/wp\/v2\/pages\/4429\/revisions"}],"predecessor-version":[{"id":4826,"href":"https:\/\/www.powertrade.fr\/index.php\/wp-json\/wp\/v2\/pages\/4429\/revisions\/4826"}],"wp:attachment":[{"href":"https:\/\/www.powertrade.fr\/index.php\/wp-json\/wp\/v2\/media?parent=4429"}],"curies":[{"name":"wp","href":"https:\/\/api.w.org\/{rel}","templated":true}]}}