{"id":2645,"date":"2024-05-24T21:37:57","date_gmt":"2024-05-24T19:37:57","guid":{"rendered":"https:\/\/www.powertrade.fr\/?page_id=2645"},"modified":"2025-05-03T08:13:00","modified_gmt":"2025-05-03T06:13:00","slug":"devenez-power-trader","status":"publish","type":"page","link":"https:\/\/www.powertrade.fr\/index.php\/devenez-power-trader\/","title":{"rendered":"Devenez Power Trader"},"content":{"rendered":"\t\t<div data-elementor-type=\"wp-page\" data-elementor-id=\"2645\" class=\"elementor elementor-2645\">\n\t\t\t\t<div class=\"elementor-element elementor-element-d431608 e-flex e-con-boxed e-con e-parent\" data-id=\"d431608\" data-element_type=\"container\" data-e-type=\"container\">\n\t\t\t\t\t<div class=\"e-con-inner\">\n\t\t\t\t<div class=\"elementor-element elementor-element-90bf552 elementor-button-danger elementor-align-center elementor-widget elementor-widget-button\" data-id=\"90bf552\" data-element_type=\"widget\" data-e-type=\"widget\" data-widget_type=\"button.default\">\n\t\t\t\t<div class=\"elementor-widget-container\">\n\t\t\t\t\t\t\t\t\t<div class=\"elementor-button-wrapper\">\n\t\t\t\t\t<a class=\"elementor-button elementor-button-link elementor-size-sm\" href=\"https:\/\/buy.stripe.com\/8wMbKT5bv2s6ghy9AA\" target=\"_blank\">\n\t\t\t\t\t\t<span class=\"elementor-button-content-wrapper\">\n\t\t\t\t\t\t<span class=\"elementor-button-icon\">\n\t\t\t\t<svg aria-hidden=\"true\" class=\"e-font-icon-svg e-far-check-square\" viewBox=\"0 0 448 512\" xmlns=\"http:\/\/www.w3.org\/2000\/svg\"><path d=\"M400 32H48C21.49 32 0 53.49 0 80v352c0 26.51 21.49 48 48 48h352c26.51 0 48-21.49 48-48V80c0-26.51-21.49-48-48-48zm0 400H48V80h352v352zm-35.864-241.724L191.547 361.48c-4.705 4.667-12.303 4.637-16.97-.068l-90.781-91.516c-4.667-4.705-4.637-12.303.069-16.971l22.719-22.536c4.705-4.667 12.303-4.637 16.97.069l59.792 60.277 141.352-140.216c4.705-4.667 12.303-4.637 16.97.068l22.536 22.718c4.667 4.706 4.637 12.304-.068 16.971z\"><\/path><\/svg>\t\t\t<\/span>\n\t\t\t\t\t\t\t\t\t<span class=\"elementor-button-text\">Nous rejoindre<\/span>\n\t\t\t\t\t<\/span>\n\t\t\t\t\t<\/a>\n\t\t\t\t<\/div>\n\t\t\t\t\t\t\t\t<\/div>\n\t\t\t\t<\/div>\n\t\t\t\t\t<\/div>\n\t\t\t\t<\/div>\n\t\t<div class=\"elementor-element elementor-element-c6552ab e-flex e-con-boxed e-con e-parent\" data-id=\"c6552ab\" data-element_type=\"container\" data-e-type=\"container\">\n\t\t\t\t\t<div class=\"e-con-inner\">\n\t\t\t\t<div class=\"elementor-element elementor-element-375fb05 elementor-widget elementor-widget-heading\" data-id=\"375fb05\" data-element_type=\"widget\" data-e-type=\"widget\" data-widget_type=\"heading.default\">\n\t\t\t\t<div class=\"elementor-widget-container\">\n\t\t\t\t\t<h2 class=\"elementor-heading-title elementor-size-default\">Devenez Power Trader au Tarif Promotionnel de 150 Euros TTC Annuel<\/h2>\t\t\t\t<\/div>\n\t\t\t\t<\/div>\n\t\t\t\t\t<\/div>\n\t\t\t\t<\/div>\n\t\t<div class=\"elementor-element elementor-element-180aba7 e-flex e-con-boxed e-con e-parent\" data-id=\"180aba7\" data-element_type=\"container\" data-e-type=\"container\">\n\t\t\t\t\t<div class=\"e-con-inner\">\n\t\t\t\t<div class=\"elementor-element elementor-element-2d07ae2 elementor-widget elementor-widget-text-editor\" data-id=\"2d07ae2\" data-element_type=\"widget\" data-e-type=\"widget\" data-widget_type=\"text-editor.default\">\n\t\t\t\t<div class=\"elementor-widget-container\">\n\t\t\t\t\t\t\t\t\t<div class=\"sc-ec327e1c-3 gpVySL tally-block tally-block-text tally-block-3f94014e-c06d-4947-8811-9c653e5ce310\" style=\"box-sizing: inherit; padding-top: 1px; padding-bottom: 1px; white-space-collapse: preserve; word-break: break-word; color: #37352f; font-family: __Inter_aaf875, __Inter_Fallback_aaf875, sans-serif; font-size: 16px; font-style: normal; font-variant-ligatures: normal; font-variant-caps: normal; font-weight: 400;\"><div><p style=\"border-style: solid; border-color: #e3e3e3; margin-bottom: 0px; color: #0d0d0d; font-family: ui-sans-serif, -apple-system, system-ui, 'Segoe UI', Roboto, Ubuntu, Cantarell, 'Noto Sans', sans-serif, Helvetica, 'Apple Color Emoji', Arial, 'Segoe UI Emoji', 'Segoe UI Symbol'; font-size: 16px;\">En devenant Power Trader au prix de 150 \u20ac TTC, vous b\u00e9n\u00e9ficiez de bien plus que l&rsquo;acc\u00e8s aux calculs des points de retournement sur les principaux indices.<\/p><p style=\"border-style: solid; border-color: #e3e3e3; margin-bottom: 0px; color: #0d0d0d; font-family: ui-sans-serif, -apple-system, system-ui, 'Segoe UI', Roboto, Ubuntu, Cantarell, 'Noto Sans', sans-serif, Helvetica, 'Apple Color Emoji', Arial, 'Segoe UI Emoji', 'Segoe UI Symbol'; font-size: 16px;\"><span style=\"font-family: ui-sans-serif, -apple-system, system-ui, 'Segoe UI', Roboto, Ubuntu, Cantarell, 'Noto Sans', sans-serif, Helvetica, 'Apple Color Emoji', Arial, 'Segoe UI Emoji', 'Segoe UI Symbol'; font-size: 16px; text-align: var(--text-align);\">Vous profiterez de l&rsquo;assistance compl\u00e8te de notre groupe, ce qui vous permettra d&rsquo;acqu\u00e9rir une exp\u00e9rience pr\u00e9cieuse et des connaissances approfondies sur l&rsquo;investissement en Bourse.<\/span><\/p><p style=\"border-style: solid; border-color: #e3e3e3; margin-bottom: 0px; color: #0d0d0d; font-family: ui-sans-serif, -apple-system, system-ui, 'Segoe UI', Roboto, Ubuntu, Cantarell, 'Noto Sans', sans-serif, Helvetica, 'Apple Color Emoji', Arial, 'Segoe UI Emoji', 'Segoe UI Symbol'; font-size: 16px;\">Adh\u00e9rer \u00e0 notre club, c&rsquo;est adopter une discipline rigoureuse et d\u00e9velopper le \u00ab\u00a0mindset\u00a0\u00bb n\u00e9cessaire pour devenir autonome dans vos investissements. Vous am\u00e9liorerez progressivement vos comp\u00e9tences sur les march\u00e9s actions et aurez acc\u00e8s \u00e0 nos points de retournement algorithmiques pour les futures du CAC 40, DAX, S&amp;P500 et Nasdaq. Ces points de retournement sont divulgu\u00e9s quotidiennement avant l&rsquo;ouverture des march\u00e9s.<\/p><p style=\"border-style: solid; border-color: #e3e3e3; margin-bottom: 0px; color: #0d0d0d; font-family: ui-sans-serif, -apple-system, system-ui, 'Segoe UI', Roboto, Ubuntu, Cantarell, 'Noto Sans', sans-serif, Helvetica, 'Apple Color Emoji', Arial, 'Segoe UI Emoji', 'Segoe UI Symbol'; font-size: 16px;\"><span style=\"color: #37352f; font-family: __Inter_aaf875, __Inter_Fallback_aaf875, sans-serif;\">Vous \u00eates \u00e0 deux clics de rejoindre une communaut\u00e9 d&rsquo;investisseurs et de traders passionn\u00e9s sur Discord et d&rsquo;obtenir ainsi un acc\u00e8s \u00e0 des signaux de trading exclusifs<\/span><span style=\"color: #37352f; font-family: __Inter_aaf875, __Inter_Fallback_aaf875, sans-serif;\">.<\/span><\/p><\/div><\/div><div><img fetchpriority=\"high\" decoding=\"async\" class=\"alignnone wp-image-4065 size-full\" src=\"http:\/\/www.powertrade.fr\/wp-content\/uploads\/2025\/05\/abonnement_power_trade_premium.jpg\" alt=\"\" width=\"977\" height=\"565\" srcset=\"https:\/\/www.powertrade.fr\/wp-content\/uploads\/2025\/05\/abonnement_power_trade_premium.jpg 977w, https:\/\/www.powertrade.fr\/wp-content\/uploads\/2025\/05\/abonnement_power_trade_premium-300x173.jpg 300w, https:\/\/www.powertrade.fr\/wp-content\/uploads\/2025\/05\/abonnement_power_trade_premium-768x444.jpg 768w\" sizes=\"(max-width: 977px) 100vw, 977px\" \/>\u00a0<\/div><div>\u00a0<\/div><div class=\"sc-ec327e1c-3 gpVySL tally-block tally-block-text tally-block-3f94014e-c06d-4947-8811-9c653e5ce310\" style=\"box-sizing: inherit; padding-top: 1px; padding-bottom: 1px; white-space-collapse: preserve; word-break: break-word; color: #37352f; font-family: __Inter_aaf875, __Inter_Fallback_aaf875, sans-serif; font-size: 16px; font-style: normal; font-variant-ligatures: normal; font-variant-caps: normal; font-weight: 400;\"><div>\u00a0<\/div><\/div>\t\t\t\t\t\t\t\t<\/div>\n\t\t\t\t<\/div>\n\t\t\t\t\t<\/div>\n\t\t\t\t<\/div>\n\t\t<div class=\"elementor-element elementor-element-739c95e e-flex e-con-boxed e-con e-parent\" data-id=\"739c95e\" data-element_type=\"container\" data-e-type=\"container\">\n\t\t\t\t\t<div class=\"e-con-inner\">\n\t\t\t\t<div class=\"elementor-element elementor-element-c583dba elementor-button-danger elementor-align-center elementor-widget elementor-widget-button\" data-id=\"c583dba\" data-element_type=\"widget\" data-e-type=\"widget\" data-widget_type=\"button.default\">\n\t\t\t\t<div class=\"elementor-widget-container\">\n\t\t\t\t\t\t\t\t\t<div class=\"elementor-button-wrapper\">\n\t\t\t\t\t<a class=\"elementor-button elementor-button-link elementor-size-sm\" href=\"https:\/\/buy.stripe.com\/8wMbKT5bv2s6ghy9AA\" target=\"_blank\">\n\t\t\t\t\t\t<span class=\"elementor-button-content-wrapper\">\n\t\t\t\t\t\t<span class=\"elementor-button-icon\">\n\t\t\t\t<svg aria-hidden=\"true\" class=\"e-font-icon-svg e-far-check-square\" viewBox=\"0 0 448 512\" xmlns=\"http:\/\/www.w3.org\/2000\/svg\"><path d=\"M400 32H48C21.49 32 0 53.49 0 80v352c0 26.51 21.49 48 48 48h352c26.51 0 48-21.49 48-48V80c0-26.51-21.49-48-48-48zm0 400H48V80h352v352zm-35.864-241.724L191.547 361.48c-4.705 4.667-12.303 4.637-16.97-.068l-90.781-91.516c-4.667-4.705-4.637-12.303.069-16.971l22.719-22.536c4.705-4.667 12.303-4.637 16.97.069l59.792 60.277 141.352-140.216c4.705-4.667 12.303-4.637 16.97.068l22.536 22.718c4.667 4.706 4.637 12.304-.068 16.971z\"><\/path><\/svg>\t\t\t<\/span>\n\t\t\t\t\t\t\t\t\t<span class=\"elementor-button-text\">Nous rejoindre<\/span>\n\t\t\t\t\t<\/span>\n\t\t\t\t\t<\/a>\n\t\t\t\t<\/div>\n\t\t\t\t\t\t\t\t<\/div>\n\t\t\t\t<\/div>\n\t\t\t\t\t<\/div>\n\t\t\t\t<\/div>\n\t\t\t\t<\/div>\n\t\t","protected":false},"excerpt":{"rendered":"<p>Nous rejoindre Devenez Power Trader au Tarif Promotionnel de 150 Euros TTC Annuel En devenant Power Trader au prix de 150 \u20ac TTC, vous b\u00e9n\u00e9ficiez de bien plus que l&rsquo;acc\u00e8s aux calculs des points de retournement sur les principaux indices. Vous profiterez de l&rsquo;assistance compl\u00e8te de notre groupe, ce qui vous permettra d&rsquo;acqu\u00e9rir une exp\u00e9rience [&hellip;]<\/p>\n","protected":false},"author":1,"featured_media":0,"parent":0,"menu_order":0,"comment_status":"closed","ping_status":"closed","template":"","meta":{"om_disable_all_campaigns":false,"_monsterinsights_skip_tracking":false,"_monsterinsights_sitenote_active":false,"_monsterinsights_sitenote_note":"","_monsterinsights_sitenote_category":0,"ocean_post_layout":"","ocean_both_sidebars_style":"","ocean_both_sidebars_content_width":0,"ocean_both_sidebars_sidebars_width":0,"ocean_sidebar":"","ocean_second_sidebar":"","ocean_disable_margins":"enable","ocean_add_body_class":"","ocean_shortcode_before_top_bar":"","ocean_shortcode_after_top_bar":"","ocean_shortcode_before_header":"","ocean_shortcode_after_header":"","ocean_has_shortcode":"","ocean_shortcode_after_title":"","ocean_shortcode_before_footer_widgets":"","ocean_shortcode_after_footer_widgets":"","ocean_shortcode_before_footer_bottom":"","ocean_shortcode_after_footer_bottom":"","ocean_display_top_bar":"default","ocean_display_header":"default","ocean_header_style":"","ocean_center_header_left_menu":"","ocean_custom_header_template":"","ocean_custom_logo":0,"ocean_custom_retina_logo":0,"ocean_custom_logo_max_width":0,"ocean_custom_logo_tablet_max_width":0,"ocean_custom_logo_mobile_max_width":0,"ocean_custom_logo_max_height":0,"ocean_custom_logo_tablet_max_height":0,"ocean_custom_logo_mobile_max_height":0,"ocean_header_custom_menu":"","ocean_menu_typo_font_family":"","ocean_menu_typo_font_subset":"","ocean_menu_typo_font_size":0,"ocean_menu_typo_font_size_tablet":0,"ocean_menu_typo_font_size_mobile":0,"ocean_menu_typo_font_size_unit":"px","ocean_menu_typo_font_weight":"","ocean_menu_typo_font_weight_tablet":"","ocean_menu_typo_font_weight_mobile":"","ocean_menu_typo_transform":"","ocean_menu_typo_transform_tablet":"","ocean_menu_typo_transform_mobile":"","ocean_menu_typo_line_height":0,"ocean_menu_typo_line_height_tablet":0,"ocean_menu_typo_line_height_mobile":0,"ocean_menu_typo_line_height_unit":"","ocean_menu_typo_spacing":0,"ocean_menu_typo_spacing_tablet":0,"ocean_menu_typo_spacing_mobile":0,"ocean_menu_typo_spacing_unit":"","ocean_menu_link_color":"","ocean_menu_link_color_hover":"","ocean_menu_link_color_active":"","ocean_menu_link_background":"","ocean_menu_link_hover_background":"","ocean_menu_link_active_background":"","ocean_menu_social_links_bg":"","ocean_menu_social_hover_links_bg":"","ocean_menu_social_links_color":"","ocean_menu_social_hover_links_color":"","ocean_disable_title":"default","ocean_disable_heading":"default","ocean_post_title":"","ocean_post_subheading":"","ocean_post_title_style":"","ocean_post_title_background_color":"","ocean_post_title_background":0,"ocean_post_title_bg_image_position":"","ocean_post_title_bg_image_attachment":"","ocean_post_title_bg_image_repeat":"","ocean_post_title_bg_image_size":"","ocean_post_title_height":0,"ocean_post_title_bg_overlay":0.5,"ocean_post_title_bg_overlay_color":"","ocean_disable_breadcrumbs":"default","ocean_breadcrumbs_color":"","ocean_breadcrumbs_separator_color":"","ocean_breadcrumbs_links_color":"","ocean_breadcrumbs_links_hover_color":"","ocean_display_footer_widgets":"default","ocean_display_footer_bottom":"default","ocean_custom_footer_template":"","ofc_meta_disable_footer_callout":"","ofc_meta_callout_button_url":"","ofc_meta_callout_button_txt":"","ofc_meta_callout_text":"","ofc_enable_fullscreen":"disable","ofc_fullscreen_speed":0,"ofc_fullscreen_nav":"enable","ofc_fullscreen_nav_pos":"right","ofc_fullscreen_nav_color":"","ofc_fullscreen_nav_tooltip_color":"","ofc_fullscreen_responsive":0,"osp_disable_panel":"default","osh_disable_topbar_sticky":"default","osh_disable_header_sticky":"default","osh_sticky_header_style":"default","osh_sticky_header_effect":"","osh_custom_sticky_logo":0,"osh_custom_retina_sticky_logo":0,"osh_custom_sticky_logo_height":0,"osh_background_color":"","osh_links_color":"","osh_links_hover_color":"","osh_links_active_color":"","osh_links_bg_color":"","osh_links_hover_bg_color":"","osh_links_active_bg_color":"","osh_menu_social_links_color":"","osh_menu_social_hover_links_color":"","footnotes":""},"class_list":["post-2645","page","type-page","status-publish","hentry","entry"],"_links":{"self":[{"href":"https:\/\/www.powertrade.fr\/index.php\/wp-json\/wp\/v2\/pages\/2645","targetHints":{"allow":["GET"]}}],"collection":[{"href":"https:\/\/www.powertrade.fr\/index.php\/wp-json\/wp\/v2\/pages"}],"about":[{"href":"https:\/\/www.powertrade.fr\/index.php\/wp-json\/wp\/v2\/types\/page"}],"author":[{"embeddable":true,"href":"https:\/\/www.powertrade.fr\/index.php\/wp-json\/wp\/v2\/users\/1"}],"replies":[{"embeddable":true,"href":"https:\/\/www.powertrade.fr\/index.php\/wp-json\/wp\/v2\/comments?post=2645"}],"version-history":[{"count":55,"href":"https:\/\/www.powertrade.fr\/index.php\/wp-json\/wp\/v2\/pages\/2645\/revisions"}],"predecessor-version":[{"id":4068,"href":"https:\/\/www.powertrade.fr\/index.php\/wp-json\/wp\/v2\/pages\/2645\/revisions\/4068"}],"wp:attachment":[{"href":"https:\/\/www.powertrade.fr\/index.php\/wp-json\/wp\/v2\/media?parent=2645"}],"curies":[{"name":"wp","href":"https:\/\/api.w.org\/{rel}","templated":true}]}}